{"id":14,"date":"2022-12-25T21:04:30","date_gmt":"2022-12-25T21:04:30","guid":{"rendered":"https:\/\/www.ping-el.se\/?page_id=14"},"modified":"2022-12-25T21:04:30","modified_gmt":"2022-12-25T21:04:30","slug":"sekretess-etc","status":"publish","type":"page","link":"https:\/\/ping-el.se\/en\/sekretess-etc\/","title":{"rendered":"Sekretess etc."},"content":{"rendered":"<p>TLDR: Cookies anv\u00e4nds, sidan sparar mindre m\u00e4ngder data, jag g\u00f6r mitt b\u00e4sta f\u00f6r att vara ansvarsfull med allt som sparas. GDPR kr\u00e4ver m\u00e5nga punkter d\u00e4rav l\u00e5ng policytext. Och s\u00e5 orkar jag inte r\u00e4kna ut vilka delar av policyn som beh\u00f6vs f\u00f6r just den h\u00e4r sidan s\u00e5 jag sparade de flesta.<\/p>\n\n\n\n<p><strong>A. Introduktion<\/strong><\/p>\n\n\n\n<ol class=\"wp-block-list\">\n<li>V\u00e5ra hemsidebes\u00f6kares integritet \u00e4r v\u00e4ldigt viktig f\u00f6r oss, och vi \u00e4r fast beslutna att skydda den. Denna policy f\u00f6rklarar vad vi g\u00f6r med dina personliga data.<\/li>\n\n\n\n<li>Genom att samtycka till att vi anv\u00e4nder kakor i enlighet med villkoren i denna policy n\u00e4r du bes\u00f6ker v\u00e5r hemsida f\u00f6r f\u00f6rsta g\u00e5ngen till\u00e5ter du oss att anv\u00e4nda kakor varje g\u00e5ng du bes\u00f6ker v\u00e5r hemsida.<\/li>\n<\/ol>\n\n\n\n<p><strong>B. Erk\u00e4nnande<\/strong><br>Detta dokument skapades med en mall fr\u00e5n SEQ Legal (seqlegal.com)<br>och \u00e4ndrades av Website Planet (<a href=\"https:\/\/www.websiteplanet.com\">www.websiteplanet.com<\/a>)<\/p>\n\n\n\n<p><strong>C. Insamling av personlig information<\/strong><\/p>\n\n\n\n<p>F\u00f6ljande typer av personlig information kan samlas in, lagras och anv\u00e4ndas:<\/p>\n\n\n\n<ol class=\"wp-block-list\">\n<li>information om din dator, inklusive IP-adress, geografisk plats, webbl\u00e4sartyp och -version samt operativsystem;<\/li>\n\n\n\n<li>information om dina bes\u00f6k p\u00e5 och din anv\u00e4ndning av denna hemsida, inklusive referensk\u00e4llan, bes\u00f6kets l\u00e4ngd, sidvisningar och hemsidans navigeringsv\u00e4gar;<\/li>\n\n\n\n<li>information som du anger n\u00e4r du registrerar dig p\u00e5 v\u00e5r hemsida, till exempel din e-postadress;<\/li>\n\n\n\n<li>information som du anger n\u00e4r du skapar en profil p\u00e5 v\u00e5r hemsida, till exempel ditt namn, k\u00f6n, din f\u00f6delsedag samt dina profilbilder<\/li>\n\n\n\n<li>information som du anger f\u00f6r att prenumerera p\u00e5 v\u00e5ra e-postmeddelanden och\/eller nyhetsbrev, till exempel ditt namn och din e-postadress;<\/li>\n\n\n\n<li>information som du anger n\u00e4r du anv\u00e4nder v\u00e5r hemsidas tj\u00e4nster;<\/li>\n\n\n\n<li>information som genereras n\u00e4r du anv\u00e4nder v\u00e5r hemsida, inklusive n\u00e4r, hur ofta och under vilka omst\u00e4ndigheter du anv\u00e4nder den;<\/li>\n\n\n\n<li>information som har att g\u00f6ra med allt du k\u00f6per, tj\u00e4nsterna du anv\u00e4nder eller transaktioner som du g\u00f6r via v\u00e5r hemsida, inklusive ditt namn, telefonnummer, din adress, e-postadress och dina kreditkortsuppgifter;<\/li>\n\n\n\n<li>information som du publicerar p\u00e5 v\u00e5r hemsida med avsikt att publicera den p\u00e5 internet, inklusive ditt anv\u00e4ndarnamn, dina profilbilder och inneh\u00e5llet i dina inl\u00e4gg;<\/li>\n\n\n\n<li>information i alla former av kommunikation som du skickar till oss via e-post eller v\u00e5r hemsida, inklusive dess inneh\u00e5ll och metadata;<\/li>\n\n\n\n<li>all annan personlig information som du skickar till oss.<\/li>\n<\/ol>\n\n\n\n<p>Innan du l\u00e4mnar ut en annan persons personliga information till oss beh\u00f6ver du ha den personens samtycke till att den personliga informationen b\u00e5de utl\u00e4mnas och behandlas i enlighet med denna policy<\/p>\n\n\n\n<p><strong>D. Anv\u00e4ndning av din personliga information<\/strong><\/p>\n\n\n\n<p>Personlig information som skickas till oss via v\u00e5r hemsida kommer att anv\u00e4ndas f\u00f6r de syften som anges i denna policy eller p\u00e5 de relevanta sidorna p\u00e5 hemsidan. Vi kan anv\u00e4nda din personliga information f\u00f6r f\u00f6ljande:<\/p>\n\n\n\n<ol class=\"wp-block-list\">\n<li>att administrera v\u00e5r hemsida och verksamhet;<\/li>\n\n\n\n<li>att anpassa v\u00e5r hemsida \u00e5t dig;<\/li>\n\n\n\n<li>att g\u00f6ra det m\u00f6jligt f\u00f6r dig att anv\u00e4nda tj\u00e4nsterna som \u00e4r tillg\u00e4ngliga p\u00e5 v\u00e5r hemsida;<\/li>\n\n\n\n<li>att skicka varor som du har k\u00f6pt via v\u00e5r hemsida till dig;<\/li>\n\n\n\n<li>att leverera tj\u00e4nster som \u00e4r k\u00f6pta via v\u00e5r hemsida;<\/li>\n\n\n\n<li>att skicka kontoutdrag, fakturor och betalningsp\u00e5minnelser till dig och samla in betalningar fr\u00e5n dig;<\/li>\n\n\n\n<li>att skicka kommersiell kommunikation som inte \u00e4r i marknadsf\u00f6ringssyften;<\/li>\n\n\n\n<li>att skicka e-postmeddelanden som du specifikt har beg\u00e4rt;<\/li>\n\n\n\n<li>att skicka v\u00e5rt nyhetsbrev via e-post till dig om du har beg\u00e4rt det (du kan informera oss n\u00e4r som helst om du inte l\u00e4ngre beh\u00f6ver nyhetsbrevet);<\/li>\n\n\n\n<li>att ge tredje parter statistisk information om v\u00e5ra anv\u00e4ndare (men dessa tredje parter kommer inte att kunna identifiera en enskild anv\u00e4ndare fr\u00e5n informationen);<\/li>\n\n\n\n<li>att hantera f\u00f6rfr\u00e5gningar och klagom\u00e5l fr\u00e5n eller om dig ang\u00e5ende v\u00e5r hemsida;<\/li>\n\n\n\n<li>att h\u00e5lla v\u00e5r hemsida s\u00e4ker och f\u00f6rebygga bedr\u00e4gerier;<\/li>\n\n\n\n<li>att bekr\u00e4fta ditt samtycke av v\u00e5r hemsidas anv\u00e4ndarvillkor (inklusive \u00f6vervakning av privata meddelanden som skickats via v\u00e5r hemsidas privata meddelandetj\u00e4nst); samt<\/li>\n\n\n\n<li>annan anv\u00e4ndning.<\/li>\n<\/ol>\n\n\n\n<p>Om du skickar personlig information f\u00f6r publicering p\u00e5 v\u00e5r hemsida, kommer vi att publicera och p\u00e5 annat s\u00e4tt anv\u00e4nda den informationen i enlighet med det tillst\u00e5nd du ger oss.<\/p>\n\n\n\n<p>Dina sekretessinst\u00e4llningar kan anv\u00e4ndas f\u00f6r att begr\u00e4nsa publiceringen av din information p\u00e5 v\u00e5r hemsida och kan justeras med hemsidans sekretesskontroller.<\/p>\n\n\n\n<p>Vi kommer inte att \u00f6verl\u00e4mna din personliga information till tredje part f\u00f6r deras eller n\u00e5gon annan tredje parts direkta marknadsf\u00f6ring utan ditt uttryckliga medgivande.<\/p>\n\n\n\n<p><strong>E. Utl\u00e4mning av personlig information<\/strong><\/p>\n\n\n\n<p>Vi kan l\u00e4mna ut din personliga information till n\u00e5gon av v\u00e5ra anst\u00e4llda, styrelseledam\u00f6ter, f\u00f6rs\u00e4kringsbolag, professionella r\u00e5dgivare, ombud, leverant\u00f6rer eller underleverant\u00f6rer som \u00e4r rimligt n\u00f6dv\u00e4ndigt f\u00f6r de syften som anges i denna policy.<\/p>\n\n\n\n<p>Vi kan utl\u00e4mna din personliga information:<\/p>\n\n\n\n<ol class=\"wp-block-list\">\n<li>i den m\u00e5n vi \u00e4r skyldiga att g\u00f6ra det enligt lag;<\/li>\n\n\n\n<li>i samband med p\u00e5g\u00e5ende eller framtida domstolsf\u00f6rfaranden;<\/li>\n\n\n\n<li>f\u00f6r att uppr\u00e4tta, ut\u00f6va eller f\u00f6rsvara v\u00e5ra juridiska r\u00e4ttigheter (inklusive att l\u00e4mna ut information till andra i syfte att f\u00f6rebygga bedr\u00e4gerier och f\u00f6rminska kreditrisken);<\/li>\n\n\n\n<li>till k\u00f6paren (eller den blivande k\u00f6paren) av alla f\u00f6retag eller tillg\u00e5ngar som vi \u00e4r i process (eller \u00f6verv\u00e4ger) att s\u00e4lja; och<\/li>\n\n\n\n<li>till alla personer som vi rimligen anser att kan beg\u00e4ra av domstol eller annan beh\u00f6rig myndighet att vi l\u00e4mnar ut den personliga informationen om, enligt v\u00e5r rimliga mening, en s\u00e5dan domstol eller myndighet rimligen skulle kunna beordra att vi utl\u00e4mnar den personliga informationen.<\/li>\n<\/ol>\n\n\n\n<p>Vi kommer inte att l\u00e4mna ut din personliga information till tredje part f\u00f6rutom i de fall som anges i denna policy.<\/p>\n\n\n\n<p><strong>F. Internationell data\u00f6verf\u00f6ring<\/strong><\/p>\n\n\n\n<ol class=\"wp-block-list\">\n<li>Information som vi samlar in kan lagras, behandlas i och \u00f6verf\u00f6ras mellan n\u00e5got av de l\u00e4nder vi \u00e4r verksamma i f\u00f6r att g\u00f6ra det m\u00f6jligt f\u00f6r oss att anv\u00e4nda informationen i enlighet med denna policy.<\/li>\n\n\n\n<li>Information som vi samlar in kan \u00f6verf\u00f6ras till f\u00f6ljande l\u00e4nder som saknar dataskyddslagar motsvarande de som g\u00e4ller i Europeiska ekonomiska samarbetsomr\u00e5det: USA, Ryssland, Japan, Kina och Indien.<\/li>\n\n\n\n<li>Personlig information som du publicerar p\u00e5 v\u00e5r hemsida eller skickar in f\u00f6r publicering p\u00e5 v\u00e5r hemsida kan vara tillg\u00e4nglig via internet v\u00e4rlden runt. Vi kan inte f\u00f6rhindra att informationen anv\u00e4nds eller missbrukas av andra.<\/li>\n\n\n\n<li>Du samtycker uttryckligen till \u00f6verf\u00f6ring av personlig information som beskrivs i detta avsnitt F.<\/li>\n<\/ol>\n\n\n\n<p><strong>G. Bevarande av personlig information<\/strong><\/p>\n\n\n\n<ol class=\"wp-block-list\">\n<li>Detta avsnitt G beskriver v\u00e5ra policyer och f\u00f6rfaranden f\u00f6r datalagring, som \u00e4r utformade f\u00f6r att se till att vi f\u00f6ljer v\u00e5ra juridiska skyldigheter ang\u00e5ende lagring och radering av personlig information.<\/li>\n\n\n\n<li>Personlig information som vi behandlar f\u00f6r n\u00e5got syfte eller syften kommer inte att f\u00f6rvaras l\u00e4ngre \u00e4n vad som \u00e4r n\u00f6dv\u00e4ndigt f\u00f6r det syftet eller de syftena.<\/li>\n\n\n\n<li>Utan att det p\u00e5verkar artikel G-2, kommer vi vanligtvis att radera personuppgifter som faller inom kategorierna nedan vid det datum och den tid som anges nedan:\n<ol class=\"wp-block-list\" type=\"a\">\n<li>Personuppgifter kommer raderas n\u00e4r best\u00e4llningen \u00e4r klar.<\/li>\n<\/ol>\n<\/li>\n\n\n\n<li>Oavsett \u00f6vriga best\u00e4mmelser i detta avsnitt G, kommer vi att beh\u00e5lla dokument (inklusive elektroniska dokument) som inneh\u00e5ller personuppgifter:\n<ol class=\"wp-block-list\" type=\"a\">\n<li>i den m\u00e5n vi \u00e4r skyldiga att g\u00f6ra det enligt lag;<\/li>\n\n\n\n<li>om vi tror att handlingarna kan vara relevanta f\u00f6r p\u00e5g\u00e5ende eller framtida domstolsf\u00f6rfaranden; och<\/li>\n\n\n\n<li>f\u00f6r att uppr\u00e4tta, ut\u00f6va eller f\u00f6rsvara v\u00e5ra juridiska r\u00e4ttigheter (inklusive att l\u00e4mna ut information till andra i syfte att f\u00f6rebygga bedr\u00e4gerier och f\u00f6rminska kreditrisken).<\/li>\n<\/ol>\n<\/li>\n<\/ol>\n\n\n\n<p><strong>H. Din personliga informations s\u00e4kerhet<\/strong><\/p>\n\n\n\n<ol class=\"wp-block-list\">\n<li>Vi kommer att vidta rimliga tekniska och organisatoriska f\u00f6rsiktighets\u00e5tg\u00e4rder f\u00f6r att f\u00f6rhindra f\u00f6rlust, missbruk eller \u00e4ndring av din personliga information.<\/li>\n\n\n\n<li>Vi kommer att lagra all personlig information som du tillhandah\u00e5ller p\u00e5 v\u00e5ra s\u00e4kra (l\u00f6senords- och brandv\u00e4ggsskyddade) servrar.<\/li>\n\n\n\n<li>All data\u00f6verf\u00f6ring och elektroniska finansiella transaktioner som g\u00f6rs via v\u00e5r hemsida skyddas av krypteringsteknologi.<\/li>\n\n\n\n<li>Du ansvarar f\u00f6r att h\u00e5lla l\u00f6senordet du anv\u00e4nder f\u00f6r att komma \u00e5t v\u00e5r hemsida konfidentiellt; vi kommer inte att be dig om ditt l\u00f6senord (f\u00f6rutom n\u00e4r du loggar in p\u00e5 v\u00e5r hemsida).<\/li>\n<\/ol>\n\n\n\n<p><strong>I. \u00c4ndringar<\/strong><\/p>\n\n\n\n<p>Vi kan uppdatera denna policy d\u00e5 och d\u00e5 genom att publicera en ny version p\u00e5 v\u00e5r hemsida. Du b\u00f6r kontrollera denna sida emellan\u00e5t f\u00f6r att se till att du f\u00f6rst\u00e5r eventuella \u00e4ndringar i denna policy.<\/p>\n\n\n\n<p><strong>J. Dina r\u00e4ttigheter<\/strong><\/p>\n\n\n\n<p>Du kan be oss att ge dig all personlig information vi har om dig.<\/p>\n\n\n\n<p>Du kan n\u00e4r som helst be oss att inte behandla din personliga information f\u00f6r marknadsf\u00f6rings\u00e4ndam\u00e5l.<\/p>\n\n\n\n<p>I praktiken kommer du vanligtvis att antingen uttryckligen acceptera v\u00e5r anv\u00e4ndning av din personliga information f\u00f6r marknadsf\u00f6rings\u00e4ndam\u00e5l, eller s\u00e5 kommer vi att ge dig m\u00f6jligheten att v\u00e4lja bort anv\u00e4ndningen av din personliga information f\u00f6r marknadsf\u00f6rings\u00e4ndam\u00e5l.<\/p>\n\n\n\n<p><strong>K. Tredje parts hemsidor<\/strong><\/p>\n\n\n\n<p>V\u00e5r hemsida inneh\u00e5ller hyperl\u00e4nkar till och detaljer om tredje parts hemsidor. Vi har ingen kontroll \u00f6ver, och \u00e4r inte ansvariga f\u00f6r, tredje parters sekretesspolicyer och praxis.<\/p>\n\n\n\n<p><strong>L. Uppdatering av information<\/strong><\/p>\n\n\n\n<p>L\u00e5t oss veta om den personliga information som vi har om dig beh\u00f6ver korrigeras eller uppdateras.<\/p>\n\n\n\n<p><strong>M. Kakor<\/strong><\/p>\n\n\n\n<p>V\u00e5r hemsida anv\u00e4nder kakor. En kaka \u00e4r en fil som inneh\u00e5ller en identifierare (en str\u00e4ng med bokst\u00e4ver och siffror) som skickas av en webbserver till en webbl\u00e4sare och lagras av webbl\u00e4saren. Identifieraren skickas d\u00e4refter tillbaka till servern varje g\u00e5ng webbl\u00e4saren beg\u00e4r en sida fr\u00e5n servern. Kakor kan antingen vara \u201cst\u00e4ndiga kakor\u201d eller \u201csessionskakor\u201d: en st\u00e4ndig kaka lagras av en webbl\u00e4sare och f\u00f6rblir giltig till det angivna utg\u00e5ngsdatumet, s\u00e5vida den inte raderas av anv\u00e4ndaren innan utg\u00e5ngsdatumet; en sessionskaka, \u00e5 andra sidan, kommer att g\u00e5 ut i slutet av anv\u00e4ndarsessionen, n\u00e4r webbl\u00e4saren \u00e4r st\u00e4ngd. Kakor inneh\u00e5ller vanligtvis inte information som personligen identifierar en anv\u00e4ndare, men personlig information som vi lagrar om dig kan vara l\u00e4nkad till informationen som \u00e4r lagrad i och erh\u00e5llen fr\u00e5n kakor.<\/p>\n\n\n\n<ol class=\"wp-block-list\">\n<li>Nedan anges namnen p\u00e5 de kakor vi anv\u00e4nder p\u00e5 v\u00e5r hemsida och de syften som de anv\u00e4nds f\u00f6r:\n<ol class=\"wp-block-list\" type=\"a\">\n<li>vi anv\u00e4nder WordPress och Jetpack p\u00e5 v\u00e5r hemsida f\u00f6r att k\u00e4nna igen en dator n\u00e4r en anv\u00e4ndare bes\u00f6ker hemsidan, sp\u00e5rar anv\u00e4ndare n\u00e4r de bl\u00e4ddrar p\u00e5 hemsidan, m\u00f6jligg\u00f6r anv\u00e4ndning av en kundvagn p\u00e5 hemsidan, f\u00f6rb\u00e4ttrar hemsidans anv\u00e4ndbarhet, analyserar anv\u00e4ndningen av hemsidan, administrerar hemsidan, f\u00f6rhindrar bedr\u00e4gerier och f\u00f6rb\u00e4ttrar hemsidans s\u00e4kerhet och anpassar hemsidan f\u00f6r varje anv\u00e4ndare.<\/li>\n<\/ol>\n<\/li>\n\n\n\n<li>De flesta webbl\u00e4sare l\u00e5ter dig v\u00e4gra att acceptera kakor.<\/li>\n<\/ol>\n\n\n\n<p>Om du blockerar alla kakor kommer det att ha en negativ inverkan p\u00e5 m\u00e5nga hemsidors anv\u00e4ndbarhet. Om du blockerar kakor kommer du inte att kunna anv\u00e4nda alla funktioner p\u00e5 v\u00e5r hemsida.<\/p>\n\n\n\n<ol class=\"wp-block-list\" start=\"3\">\n<li>Du kan ta bort kakor som redan har lagrats p\u00e5 din dator<\/li>\n\n\n\n<li>Tar du bort kakor kommer det att ha en negativ inverkan p\u00e5 m\u00e5nga hemsidors anv\u00e4ndbarhet.<\/li>\n<\/ol>\n\n\n\n<p>Ping hobbyelektronik, ping-el.se<br><br>Kontakt:<br>Rasmus Liljeberg, rasmus@ping-el.se<\/p>","protected":false},"excerpt":{"rendered":"<p>TLDR: Cookies anv\u00e4nds, sidan sparar mindre m\u00e4ngder data, jag g\u00f6r mitt b\u00e4sta f\u00f6r att vara ansvarsfull med allt som sparas. GDPR kr\u00e4ver [&hellip;]<\/p>","protected":false},"author":2,"featured_media":0,"parent":0,"menu_order":0,"comment_status":"closed","ping_status":"closed","template":"","meta":{"footnotes":""},"class_list":["post-14","page","type-page","status-publish","hentry"],"_links":{"self":[{"href":"https:\/\/ping-el.se\/en\/wp-json\/wp\/v2\/pages\/14","targetHints":{"allow":["GET"]}}],"collection":[{"href":"https:\/\/ping-el.se\/en\/wp-json\/wp\/v2\/pages"}],"about":[{"href":"https:\/\/ping-el.se\/en\/wp-json\/wp\/v2\/types\/page"}],"author":[{"embeddable":true,"href":"https:\/\/ping-el.se\/en\/wp-json\/wp\/v2\/users\/2"}],"replies":[{"embeddable":true,"href":"https:\/\/ping-el.se\/en\/wp-json\/wp\/v2\/comments?post=14"}],"version-history":[{"count":0,"href":"https:\/\/ping-el.se\/en\/wp-json\/wp\/v2\/pages\/14\/revisions"}],"wp:attachment":[{"href":"https:\/\/ping-el.se\/en\/wp-json\/wp\/v2\/media?parent=14"}],"curies":[{"name":"wp","href":"https:\/\/api.w.org\/{rel}","templated":true}]}}