{"id":219,"date":"2024-09-06T16:15:12","date_gmt":"2024-09-06T15:15:12","guid":{"rendered":"https:\/\/ping-el.se\/?page_id=219"},"modified":"2024-09-06T16:15:12","modified_gmt":"2024-09-06T15:15:12","slug":"kop","status":"publish","type":"page","link":"https:\/\/ping-el.se\/en\/kop\/","title":{"rendered":"Buy"},"content":{"rendered":"<p>Some products are available on <a href=\"https:\/\/lectronz.com\/stores\/ping-el\">Lectronz<\/a> and <a href=\"https:\/\/www.tindie.com\/stores\/ralle\/\">Tindie<\/a> at the moment. I'm searching for resellers to make things easier.<\/p>","protected":false},"excerpt":{"rendered":"<p>N\u00e5gra produkter finns p\u00e5 Lectronz och Tindie f\u00f6r nuvarande. Jag f\u00f6rs\u00f6ker hitta \u00e5terf\u00f6rs\u00e4ljare f\u00f6r att g\u00f6ra saker enklare.<\/p>","protected":false},"author":1,"featured_media":0,"parent":0,"menu_order":0,"comment_status":"closed","ping_status":"closed","template":"","meta":{"footnotes":""},"class_list":["post-219","page","type-page","status-publish","hentry"],"_links":{"self":[{"href":"https:\/\/ping-el.se\/en\/wp-json\/wp\/v2\/pages\/219","targetHints":{"allow":["GET"]}}],"collection":[{"href":"https:\/\/ping-el.se\/en\/wp-json\/wp\/v2\/pages"}],"about":[{"href":"https:\/\/ping-el.se\/en\/wp-json\/wp\/v2\/types\/page"}],"author":[{"embeddable":true,"href":"https:\/\/ping-el.se\/en\/wp-json\/wp\/v2\/users\/1"}],"replies":[{"embeddable":true,"href":"https:\/\/ping-el.se\/en\/wp-json\/wp\/v2\/comments?post=219"}],"version-history":[{"count":2,"href":"https:\/\/ping-el.se\/en\/wp-json\/wp\/v2\/pages\/219\/revisions"}],"predecessor-version":[{"id":221,"href":"https:\/\/ping-el.se\/en\/wp-json\/wp\/v2\/pages\/219\/revisions\/221"}],"wp:attachment":[{"href":"https:\/\/ping-el.se\/en\/wp-json\/wp\/v2\/media?parent=219"}],"curies":[{"name":"wp","href":"https:\/\/api.w.org\/{rel}","templated":true}]}}